{"id":9,"date":"2011-08-03T12:25:22","date_gmt":"2011-08-03T12:25:22","guid":{"rendered":"http:\/\/www.laplagnelocations.fr\/montchavin\/?page_id=9"},"modified":"2023-11-10T16:01:27","modified_gmt":"2023-11-10T16:01:27","slug":"le-mont-blanc","status":"publish","type":"page","link":"https:\/\/www.laplagnelocations.fr\/montchavin\/les-appartements\/le-mont-blanc\/","title":{"rendered":"Le Mont Blanc"},"content":{"rendered":"<p><strong>L&#8217;appartement le Mont Blanc pr\u00e9vu pour 6 personnes se situe au niveau 1 du Chalet Intersport Jean-Michel Sports \u00e0 Montchavin (domaine La Plagne &#8211; Paradiski)<\/strong>.<\/p>\n<p><a href=\"http:\/\/www.laplagnelocations.fr\/montchavin\/wp-content\/uploads\/2011\/08\/appartement-mont-blanc-01.jpg\"><img loading=\"lazy\" decoding=\"async\" class=\"alignright size-medium wp-image-54\" style=\"border: 1px solid #a4612a;\" title=\"Appartement Mont Blanc - Vue ext\u00e9rieure\" src=\"http:\/\/www.laplagnelocations.fr\/montchavin\/wp-content\/uploads\/2011\/08\/appartement-mont-blanc-01-300x224.jpg\" alt=\"Appartement Mont Blanc - Vue ext\u00e9rieure\" width=\"300\" height=\"224\" srcset=\"https:\/\/www.laplagnelocations.fr\/montchavin\/wp-content\/uploads\/2011\/08\/appartement-mont-blanc-01-300x224.jpg 300w, https:\/\/www.laplagnelocations.fr\/montchavin\/wp-content\/uploads\/2011\/08\/appartement-mont-blanc-01.jpg 562w\" sizes=\"(max-width: 300px) 85vw, 300px\" \/><\/a>Sa surface de 60 m\u00b2 se compose ainsi :<\/p>\n<p style=\"padding-left: 30px;\">&#8211; une chambre (1 lit de 2 places)<br \/>\n&#8211; un s\u00e9jour avec balcon donnant sur l\u2019arriv\u00e9e des pistes (1 convertible pour 2 personnes), \u00e9quip\u00e9 d\u2019un t\u00e9l\u00e9viseur<br \/>\n&#8211; une kitchenette (1 \u00e9vier, 1 four \u00e9lectrique, 1 r\u00e9frig\u00e9rateur, 1 lave-vaisselle, des plaque \u00e9lectriques)<br \/>\n&#8211; une mezzanine (2 lits de 1 place)<br \/>\n&#8211; une salle de bain (baignoire, lavabo)<br \/>\n&#8211; un WC s\u00e9par\u00e9<\/p>\n<p><a href=\"http:\/\/www.laplagnelocations.fr\/montchavin\/wp-content\/uploads\/2011\/08\/appartement-montchavin-mt-blanc-002.jpg\"><img loading=\"lazy\" decoding=\"async\" class=\"alignnone size-thumbnail wp-image-56\" style=\"border: 1px solid #a4612a;\" title=\"Appartement Mont Blanc - Salon\" src=\"http:\/\/www.laplagnelocations.fr\/montchavin\/wp-content\/uploads\/2011\/08\/appartement-montchavin-mt-blanc-002-150x150.jpg\" alt=\"Appartement Mont Blanc - Salon\" width=\"150\" height=\"150\"><\/a>&nbsp;&nbsp; <a href=\"http:\/\/www.laplagnelocations.fr\/montchavin\/wp-content\/uploads\/2011\/08\/appartement-mont-blanc-03.jpg\"><img loading=\"lazy\" decoding=\"async\" class=\"alignnone size-thumbnail wp-image-57\" style=\"border: 1px solid #a4612a;\" title=\"Appartement Mont Blanc - Chambre\" src=\"http:\/\/www.laplagnelocations.fr\/montchavin\/wp-content\/uploads\/2011\/08\/appartement-mont-blanc-03-150x150.jpg\" alt=\"Appartement Mont Blanc - Chambre\" width=\"150\" height=\"150\"><\/a>&nbsp;&nbsp; <a href=\"http:\/\/www.laplagnelocations.fr\/montchavin\/wp-content\/uploads\/2011\/08\/appartement-montchavin-mt-blanc-001.jpg\"><img loading=\"lazy\" decoding=\"async\" class=\"alignnone size-thumbnail wp-image-58\" style=\"border: 1px solid #a4612a;\" title=\"Vue ext\u00e9rieur depuis le Mont Blanc\" src=\"http:\/\/www.laplagnelocations.fr\/montchavin\/wp-content\/uploads\/2011\/08\/appartement-montchavin-mt-blanc-001-150x150.jpg\" alt=\"Vue ext\u00e9rieur depuis le Mont Blanc\" width=\"150\" height=\"150\"><\/a>&nbsp;&nbsp; <a href=\"http:\/\/www.laplagnelocations.fr\/montchavin\/wp-content\/uploads\/2011\/08\/montchavin2016-HIVER.jpg\"><img loading=\"lazy\" decoding=\"async\" class=\"alignnone size-thumbnail wp-image-118\" style=\"border: 1px solid #a4612a;\" title=\"Vue ext\u00e9rieur depuis le Mont Blanc\" src=\"http:\/\/www.laplagnelocations.fr\/montchavin\/wp-content\/uploads\/2011\/08\/montchavin2016-HIVER-150x150.jpg\" alt=\"Vue ext\u00e9rieur depuis l'appartement le Mont Blanc\" width=\"150\" height=\"150\"><\/a><\/p>\n<p><strong>\u2192 <a title=\"Tarifs\" href=\"http:\/\/www.laplagnelocations.fr\/montchavin\/les-appartements\/tarifs#montblanc\">Voir les tarifs de l&#8217;appartement Le Mont Blanc<\/a><\/strong><br \/>\n<strong>\u2192 <a title=\"Contact \/ R\u00e9servation\" href=\"http:\/\/www.laplagnelocations.fr\/montchavin\/contact-reservation\/\">R\u00e9server votre appartement<\/a><\/strong><\/p>\n<p>&nbsp;<\/p>\n","protected":false},"excerpt":{"rendered":"<p>L&#8217;appartement le Mont Blanc pr\u00e9vu pour 6 personnes se situe au niveau 1 du Chalet Intersport Jean-Michel Sports \u00e0 Montchavin (domaine La Plagne &#8211; Paradiski). Sa surface de 60 m\u00b2 se compose ainsi : &#8211; une chambre (1 lit de 2 places) &#8211; un s\u00e9jour avec balcon donnant sur l\u2019arriv\u00e9e des pistes (1 convertible pour &hellip; <a href=\"https:\/\/www.laplagnelocations.fr\/montchavin\/les-appartements\/le-mont-blanc\/\" class=\"more-link\">Continuer la lecture<span class=\"screen-reader-text\"> de &laquo;&nbsp;Le Mont Blanc&nbsp;&raquo;<\/span><\/a><\/p>\n","protected":false},"author":5,"featured_media":0,"parent":5,"menu_order":10,"comment_status":"closed","ping_status":"closed","template":"","meta":{"_acf_changed":false,"ngg_post_thumbnail":0,"footnotes":""},"class_list":["post-9","page","type-page","status-publish","hentry"],"acf":[],"_links":{"self":[{"href":"https:\/\/www.laplagnelocations.fr\/montchavin\/wp-json\/wp\/v2\/pages\/9"}],"collection":[{"href":"https:\/\/www.laplagnelocations.fr\/montchavin\/wp-json\/wp\/v2\/pages"}],"about":[{"href":"https:\/\/www.laplagnelocations.fr\/montchavin\/wp-json\/wp\/v2\/types\/page"}],"author":[{"embeddable":true,"href":"https:\/\/www.laplagnelocations.fr\/montchavin\/wp-json\/wp\/v2\/users\/5"}],"replies":[{"embeddable":true,"href":"https:\/\/www.laplagnelocations.fr\/montchavin\/wp-json\/wp\/v2\/comments?post=9"}],"version-history":[{"count":41,"href":"https:\/\/www.laplagnelocations.fr\/montchavin\/wp-json\/wp\/v2\/pages\/9\/revisions"}],"predecessor-version":[{"id":645,"href":"https:\/\/www.laplagnelocations.fr\/montchavin\/wp-json\/wp\/v2\/pages\/9\/revisions\/645"}],"up":[{"embeddable":true,"href":"https:\/\/www.laplagnelocations.fr\/montchavin\/wp-json\/wp\/v2\/pages\/5"}],"wp:attachment":[{"href":"https:\/\/www.laplagnelocations.fr\/montchavin\/wp-json\/wp\/v2\/media?parent=9"}],"curies":[{"name":"wp","href":"https:\/\/api.w.org\/{rel}","templated":true}]}}