{"id":7,"date":"2011-08-03T12:24:56","date_gmt":"2011-08-03T12:24:56","guid":{"rendered":"http:\/\/www.laplagnelocations.fr\/montchavin\/?page_id=7"},"modified":"2023-11-14T11:48:49","modified_gmt":"2023-11-14T11:48:49","slug":"le-mont-pourri","status":"publish","type":"page","link":"https:\/\/www.laplagnelocations.fr\/montchavin\/les-appartements\/le-mont-pourri\/","title":{"rendered":"Le Mont Pourri"},"content":{"rendered":"<p><strong>Cet appartement pr\u00e9vu pour 10 personnes se situe au niveau 1 <strong>du Chalet Intersport Jean-Michel Sports en front de neige \u00e0 Montchavin (domaine La Plagne \u2013 Paradiski)<\/strong>.<\/strong><\/p>\n<p><a href=\"http:\/\/www.laplagnelocations.fr\/montchavin\/wp-content\/uploads\/2011\/08\/appartement-mont-pourri-01.jpg\"><img loading=\"lazy\" decoding=\"async\" class=\"alignright size-medium wp-image-79\" style=\"border: 1px solid #a4612a;\" title=\"Appartement Mont Pourri - Vue ext\u00e9rieure\" src=\"http:\/\/www.laplagnelocations.fr\/montchavin\/wp-content\/uploads\/2011\/08\/appartement-mont-pourri-01-300x224.jpg\" alt=\"Appartement Mont Pourri - Vue ext\u00e9rieure\" width=\"300\" height=\"224\" srcset=\"https:\/\/www.laplagnelocations.fr\/montchavin\/wp-content\/uploads\/2011\/08\/appartement-mont-pourri-01-300x224.jpg 300w, https:\/\/www.laplagnelocations.fr\/montchavin\/wp-content\/uploads\/2011\/08\/appartement-mont-pourri-01.jpg 600w\" sizes=\"(max-width: 300px) 85vw, 300px\" \/><\/a>Sa surface de 130 m\u00b2 se compose ainsi :<\/p>\n<p style=\"padding-left: 30px;\">&#8211; Un salon \u00e9quip\u00e9 de deux canap\u00e9s ch\u00e2telaine et 2 fauteuils, un t\u00e9l\u00e9viseur couleur et une chemin\u00e9e), donnant sur une terrasse couverte prolong\u00e9e d&#8217;un balcon donnant sur l&#8217;arriv\u00e9e des pistes<br \/>\n&#8211; Un coin s\u00e9jour (grande table, armoire de rangement)<br \/>\n&#8211; Une cuisine (1 \u00e9vier, 1 four \u00e9lectrique, 1 r\u00e9frig\u00e9rateur avec compartiment cong\u00e9lation, un lave-vaisselle, des plaques \u00e9lectriques)<br \/>\n&#8211; Une salle de bain (baignoire, lavabo)<br \/>\n&#8211; Deux WC ind\u00e9pendants<br \/>\n&#8211; Deux chambres (2 lits de 1 personne)<br \/>\n&#8211; Une chambre (1 lit de 2 personnes)<br \/>\n&#8211; Une chambre \u00ab dortoir \u00bb pour les enfants avec 4 lits de 1 place<br \/>\n&#8211; Une salle de bain ( douche + w.c )<\/p>\n<p><a href=\"http:\/\/www.laplagnelocations.fr\/montchavin\/wp-content\/uploads\/2011\/08\/appartement-montchavin-mt-pourri-001.jpg\"><img loading=\"lazy\" decoding=\"async\" class=\"alignnone size-thumbnail wp-image-193\" style=\"border: 1px solid #a4612a;\" title=\"Appartement Mont Pourri - Salon\" src=\"http:\/\/www.laplagnelocations.fr\/montchavin\/wp-content\/uploads\/2011\/08\/appartement-montchavin-mt-pourri-001-150x150.jpg\" alt=\"Appartement Mont Pourri - Salon\" width=\"150\" height=\"150\"><\/a>&nbsp;&nbsp; <a href=\"http:\/\/www.laplagnelocations.fr\/montchavin\/wp-content\/uploads\/2011\/08\/appartement-montchavin-mt-pourri-002.jpg\"><img loading=\"lazy\" decoding=\"async\" class=\"alignnone size-thumbnail wp-image-194\" style=\"border: 1px solid #a4612a;\" title=\"Appartement Mont Pourri - Chambre\" src=\"http:\/\/www.laplagnelocations.fr\/montchavin\/wp-content\/uploads\/2011\/08\/appartement-montchavin-mt-pourri-002-150x150.jpg\" alt=\"Appartement Mont Pourri - Chambre\" width=\"150\" height=\"150\"><\/a>&nbsp;&nbsp; <a href=\"http:\/\/www.laplagnelocations.fr\/montchavin\/wp-content\/uploads\/2011\/08\/appartement-montchavin-mt-pourri-003.jpg\"><img loading=\"lazy\" decoding=\"async\" class=\"alignnone size-thumbnail wp-image-195\" style=\"border: 1px solid #a4612a;\" title=\"Appartement Mont Pourri - Salon\" src=\"http:\/\/www.laplagnelocations.fr\/montchavin\/wp-content\/uploads\/2011\/08\/appartement-montchavin-mt-pourri-003-150x150.jpg\" alt=\"Appartement Mont Pourri - Salon\" width=\"150\" height=\"150\"><\/a>&nbsp;&nbsp; <a href=\"http:\/\/www.laplagnelocations.fr\/montchavin\/wp-content\/uploads\/2011\/08\/appartement-montchavin-mt-pourri-004.jpg\"><img loading=\"lazy\" decoding=\"async\" class=\"alignnone size-thumbnail wp-image-196\" style=\"border: 1px solid #a4612a;\" title=\"Appartement Mont Pourri - Chambre\" src=\"http:\/\/www.laplagnelocations.fr\/montchavin\/wp-content\/uploads\/2011\/08\/appartement-montchavin-mt-pourri-004-150x150.jpg\" alt=\"Appartement Mont Pourri - Chambre\" width=\"150\" height=\"150\"><\/a><\/p>\n<p><strong>\u2192 <a title=\"Tarifs\" href=\"http:\/\/www.laplagnelocations.fr\/montchavin\/les-appartements\/tarifs#montpourri\">Voir les tarifs de l&#8217;appartement Le Mont Pourri<\/a><\/strong><br \/>\n<strong>\u2192 <a title=\"Contact \/ R\u00e9servation\" href=\"http:\/\/www.laplagnelocations.fr\/montchavin\/contact-reservation\/\">R\u00e9server votre appartement<\/a><\/strong><\/p>\n<p>&nbsp;<\/p>\n","protected":false},"excerpt":{"rendered":"<p>Cet appartement pr\u00e9vu pour 10 personnes se situe au niveau 1 du Chalet Intersport Jean-Michel Sports en front de neige \u00e0 Montchavin (domaine La Plagne \u2013 Paradiski). Sa surface de 130 m\u00b2 se compose ainsi : &#8211; Un salon \u00e9quip\u00e9 de deux canap\u00e9s ch\u00e2telaine et 2 fauteuils, un t\u00e9l\u00e9viseur couleur et une chemin\u00e9e), donnant sur &hellip; <a href=\"https:\/\/www.laplagnelocations.fr\/montchavin\/les-appartements\/le-mont-pourri\/\" class=\"more-link\">Continuer la lecture<span class=\"screen-reader-text\"> de &laquo;&nbsp;Le Mont Pourri&nbsp;&raquo;<\/span><\/a><\/p>\n","protected":false},"author":5,"featured_media":0,"parent":5,"menu_order":20,"comment_status":"closed","ping_status":"closed","template":"","meta":{"_acf_changed":false,"ngg_post_thumbnail":0,"footnotes":""},"class_list":["post-7","page","type-page","status-publish","hentry"],"acf":[],"_links":{"self":[{"href":"https:\/\/www.laplagnelocations.fr\/montchavin\/wp-json\/wp\/v2\/pages\/7"}],"collection":[{"href":"https:\/\/www.laplagnelocations.fr\/montchavin\/wp-json\/wp\/v2\/pages"}],"about":[{"href":"https:\/\/www.laplagnelocations.fr\/montchavin\/wp-json\/wp\/v2\/types\/page"}],"author":[{"embeddable":true,"href":"https:\/\/www.laplagnelocations.fr\/montchavin\/wp-json\/wp\/v2\/users\/5"}],"replies":[{"embeddable":true,"href":"https:\/\/www.laplagnelocations.fr\/montchavin\/wp-json\/wp\/v2\/comments?post=7"}],"version-history":[{"count":26,"href":"https:\/\/www.laplagnelocations.fr\/montchavin\/wp-json\/wp\/v2\/pages\/7\/revisions"}],"predecessor-version":[{"id":649,"href":"https:\/\/www.laplagnelocations.fr\/montchavin\/wp-json\/wp\/v2\/pages\/7\/revisions\/649"}],"up":[{"embeddable":true,"href":"https:\/\/www.laplagnelocations.fr\/montchavin\/wp-json\/wp\/v2\/pages\/5"}],"wp:attachment":[{"href":"https:\/\/www.laplagnelocations.fr\/montchavin\/wp-json\/wp\/v2\/media?parent=7"}],"curies":[{"name":"wp","href":"https:\/\/api.w.org\/{rel}","templated":true}]}}