{"id":69,"date":"2011-08-04T14:10:12","date_gmt":"2011-08-04T14:10:12","guid":{"rendered":"http:\/\/www.laplagnelocations.fr\/montchavin\/?page_id=69"},"modified":"2017-10-20T13:37:19","modified_gmt":"2017-10-20T13:37:19","slug":"le-pilier","status":"publish","type":"page","link":"https:\/\/www.laplagnelocations.fr\/montchavin\/les-appartements\/le-pilier\/","title":{"rendered":"Le Pilier"},"content":{"rendered":"<p><strong>Cet appartement pr\u00e9vu pour 10 personnes se situe au niveau 1 du restaurant Le Moulin \u00e0 Poivre derri\u00e8re le magasin <strong>Intersport Jean-Michel Sports \u00e0 Montchavin (domaine La Plagne \u2013 Paradiski)<\/strong>.<\/strong><\/p>\n<p><a href=\"http:\/\/www.laplagnelocations.fr\/montchavin\/wp-content\/uploads\/2011\/08\/appartement-pilier-01.jpg\"><img loading=\"lazy\" decoding=\"async\" class=\"alignright size-medium wp-image-93\" style=\"border: 1px solid #a4612a;\" title=\"Appartement Le Pilier - Vue ext\u00e9rieure hiver\" src=\"http:\/\/www.laplagnelocations.fr\/montchavin\/wp-content\/uploads\/2011\/08\/appartement-pilier-01-300x224.jpg\" alt=\"Appartement Le Pilier - Vue ext\u00e9rieure hiver\" height=\"224\" width=\"300\" srcset=\"https:\/\/www.laplagnelocations.fr\/montchavin\/wp-content\/uploads\/2011\/08\/appartement-pilier-01-300x224.jpg 300w, https:\/\/www.laplagnelocations.fr\/montchavin\/wp-content\/uploads\/2011\/08\/appartement-pilier-01.jpg 519w\" sizes=\"(max-width: 300px) 85vw, 300px\" \/><\/a>Sa surface de 130 m\u00b2 se compose ainsi :<\/p>\n<p>1er Niveau :<\/p>\n<p style=\"padding-left: 30px;\">&#8211; une chambre (1 lit 2 personnes) + une v\u00e9randa am\u00e9nag\u00e9e<br \/>\n&#8211; une grande chambre (2 lits de 1 personne)<br \/>\n&#8211; un salon (1 canap\u00e9 ch\u00e2telaine + 2 fauteuils), une chemin\u00e9e, un t\u00e9l\u00e9viseur couleur<br \/>\n&#8211; un s\u00e9jour attenant (2 grandes tables) donnant sur un balcon expos\u00e9 Est (soleil toute la matin\u00e9e)<br \/>\n&#8211; une cuisine (1 \u00e9vier, 1 four \u00e9lectrique, 1 r\u00e9frig\u00e9rateur, un lave-vaisselle, des plaques \u00e9lectriques + une gazini\u00e8re, un cong\u00e9lateur)<br \/>\n&#8211; une salle de bain (baignoire, lavabo)<br \/>\n&#8211; un WC s\u00e9par\u00e9<\/p>\n<p>2\u00e8me Niveau :<\/p>\n<p style=\"padding-left: 30px;\">&#8211; 1 chambre (6 lits de 1 personne)<br \/>\n&#8211; 1 chambre (1 lit de 2 personnes)<br \/>\n&#8211; 1 salle de bain (douche + w.c)<\/p>\n<p><a href=\"http:\/\/www.laplagnelocations.fr\/montchavin\/wp-content\/uploads\/2011\/08\/appartement-montchavin-le-pillier-001.jpg\"><img loading=\"lazy\" decoding=\"async\" class=\"alignnone size-thumbnail wp-image-198\" style=\"border: 1px solid #a4612a;\" title=\"Appartement Le Pilier - Salon\" src=\"http:\/\/www.laplagnelocations.fr\/montchavin\/wp-content\/uploads\/2011\/08\/appartement-montchavin-le-pillier-001-150x150.jpg\" alt=\"Appartement Le Pilier - Salon\" height=\"150\" width=\"150\"><\/a>&nbsp;&nbsp; <a href=\"http:\/\/www.laplagnelocations.fr\/montchavin\/wp-content\/uploads\/2011\/08\/appartement-montchavin-le-pillier-003.jpg\"><img loading=\"lazy\" decoding=\"async\" class=\"alignnone size-thumbnail wp-image-199\" style=\"border: 1px solid #a4612a;\" title=\"Appartement Le Pilier - Chambre\" src=\"http:\/\/www.laplagnelocations.fr\/montchavin\/wp-content\/uploads\/2011\/08\/appartement-montchavin-le-pillier-003-150x150.jpg\" alt=\"Appartement Le Pilier - Chambre\" height=\"150\" width=\"150\"><\/a>&nbsp;&nbsp; <a href=\"http:\/\/www.laplagnelocations.fr\/montchavin\/wp-content\/uploads\/2011\/08\/appartement-montchavin-le-pillier-004.jpg\"><img loading=\"lazy\" decoding=\"async\" class=\"alignnone size-thumbnail wp-image-200\" style=\"border: 1px solid #a4612a;\" title=\"Appartement Le Pilier - Chambre\" src=\"http:\/\/www.laplagnelocations.fr\/montchavin\/wp-content\/uploads\/2011\/08\/appartement-montchavin-le-pillier-004-150x150.jpg\" alt=\"Appartement Le Pilier - Chambre\" height=\"150\" width=\"150\"><\/a>&nbsp;&nbsp; <a href=\"http:\/\/www.laplagnelocations.fr\/montchavin\/wp-content\/uploads\/2011\/08\/appartement-montchavin-le-pillier-002.jpg\"><img loading=\"lazy\" decoding=\"async\" class=\"alignnone size-thumbnail wp-image-201\" style=\"border: 1px solid #a4612a;\" title=\"Appartement Le Pilier - Salle de bains\" src=\"http:\/\/www.laplagnelocations.fr\/montchavin\/wp-content\/uploads\/2011\/08\/appartement-montchavin-le-pillier-002-150x150.jpg\" alt=\"Appartement Le Pilier - Salle de bains\" height=\"150\" width=\"150\"><\/a><\/p>\n<p><strong>\u2192 <a title=\"Tarifs\" href=\"http:\/\/www.laplagnelocations.fr\/montchavin\/les-appartements\/tarifs#pilier\">Voir les tarifs de l&#8217;appartement Le Pilier<\/a><\/strong><br \/>\n<strong>\u2192 <a title=\"Contact \/ R\u00e9servation\" href=\"http:\/\/www.laplagnelocations.fr\/montchavin\/contact-reservation\/\">R\u00e9server votre appartement<\/a><\/strong><\/p>\n<p>&nbsp;<\/p>\n","protected":false},"excerpt":{"rendered":"<p>Cet appartement pr\u00e9vu pour 10 personnes se situe au niveau 1 du restaurant Le Moulin \u00e0 Poivre derri\u00e8re le magasin Intersport Jean-Michel Sports \u00e0 Montchavin (domaine La Plagne \u2013 Paradiski). Sa surface de 130 m\u00b2 se compose ainsi : 1er Niveau : &#8211; une chambre (1 lit 2 personnes) + une v\u00e9randa am\u00e9nag\u00e9e &#8211; une &hellip; <a href=\"https:\/\/www.laplagnelocations.fr\/montchavin\/les-appartements\/le-pilier\/\" class=\"more-link\">Continuer la lecture<span class=\"screen-reader-text\"> de &laquo;&nbsp;Le Pilier&nbsp;&raquo;<\/span><\/a><\/p>\n","protected":false},"author":5,"featured_media":0,"parent":5,"menu_order":30,"comment_status":"closed","ping_status":"closed","template":"","meta":{"_acf_changed":false,"ngg_post_thumbnail":0,"footnotes":""},"class_list":["post-69","page","type-page","status-publish","hentry"],"acf":[],"_links":{"self":[{"href":"https:\/\/www.laplagnelocations.fr\/montchavin\/wp-json\/wp\/v2\/pages\/69"}],"collection":[{"href":"https:\/\/www.laplagnelocations.fr\/montchavin\/wp-json\/wp\/v2\/pages"}],"about":[{"href":"https:\/\/www.laplagnelocations.fr\/montchavin\/wp-json\/wp\/v2\/types\/page"}],"author":[{"embeddable":true,"href":"https:\/\/www.laplagnelocations.fr\/montchavin\/wp-json\/wp\/v2\/users\/5"}],"replies":[{"embeddable":true,"href":"https:\/\/www.laplagnelocations.fr\/montchavin\/wp-json\/wp\/v2\/comments?post=69"}],"version-history":[{"count":19,"href":"https:\/\/www.laplagnelocations.fr\/montchavin\/wp-json\/wp\/v2\/pages\/69\/revisions"}],"predecessor-version":[{"id":517,"href":"https:\/\/www.laplagnelocations.fr\/montchavin\/wp-json\/wp\/v2\/pages\/69\/revisions\/517"}],"up":[{"embeddable":true,"href":"https:\/\/www.laplagnelocations.fr\/montchavin\/wp-json\/wp\/v2\/pages\/5"}],"wp:attachment":[{"href":"https:\/\/www.laplagnelocations.fr\/montchavin\/wp-json\/wp\/v2\/media?parent=69"}],"curies":[{"name":"wp","href":"https:\/\/api.w.org\/{rel}","templated":true}]}}