{"id":27,"date":"2011-08-03T12:31:02","date_gmt":"2011-08-03T12:31:02","guid":{"rendered":"http:\/\/www.laplagnelocations.fr\/montchavin\/?page_id=27"},"modified":"2011-08-30T08:36:38","modified_gmt":"2011-08-30T08:36:38","slug":"acces","status":"publish","type":"page","link":"https:\/\/www.laplagnelocations.fr\/montchavin\/acces\/","title":{"rendered":"Acc\u00e8s"},"content":{"rendered":"<p><strong><a href=\"http:\/\/www.laplagnelocations.fr\/montchavin\/wp-content\/uploads\/2011\/08\/plan-acces-montchavin.jpg\"><img loading=\"lazy\" decoding=\"async\" class=\"alignright size-medium wp-image-144\" style=\"border: 1px solid #a4612a;\" title=\"Plan d'acc\u00e8s \u00e0 Montchavin\" src=\"http:\/\/www.laplagnelocations.fr\/montchavin\/wp-content\/uploads\/2011\/08\/plan-acces-montchavin-289x300.jpg\" alt=\"Plan d'acc\u00e8s \u00e0 Montchavin\" width=\"289\" height=\"300\" srcset=\"https:\/\/www.laplagnelocations.fr\/montchavin\/wp-content\/uploads\/2011\/08\/plan-acces-montchavin-289x300.jpg 289w, https:\/\/www.laplagnelocations.fr\/montchavin\/wp-content\/uploads\/2011\/08\/plan-acces-montchavin.jpg 421w\" sizes=\"(max-width: 289px) 85vw, 289px\" \/><\/a>&#8211; Par le train :<\/strong><\/p>\n<p style=\"padding-left: 30px;\"><a href=\"http:\/\/www.laplagnelocations.fr\/montchavin\/wp-content\/uploads\/2011\/08\/logo-tgv.png\"><img loading=\"lazy\" decoding=\"async\" class=\"alignnone size-full wp-image-145\" title=\"TGV\" src=\"http:\/\/www.laplagnelocations.fr\/montchavin\/wp-content\/uploads\/2011\/08\/logo-tgv.png\" alt=\"Logo TGV\" width=\"130\" height=\"44\" \/><\/a><br \/>\nA seulement 4h25 de Paris.<br \/>\nDescendre en gare de Landry.<\/p>\n<p><strong>&#8211; Par la route :<\/strong><\/p>\n<p style=\"padding-left: 30px;\">Depuis Albertville, suivre Tarentaise.<br \/>\nApr\u00e8s Mo\u00fbtiers, suivre Bourg Saint Maurice puis apr\u00e8s Aime prendre direction Landry et enfin Montchavin.<\/p>\n<p><strong>&#8211; Par avion :<\/strong><\/p>\n<p style=\"padding-left: 30px;\">A seulement 2h des a\u00e9roports de Lyon, Grenoble et Gen\u00e8ve et 1 heure de l&#8217;a\u00e9roport de Chambery.<\/p>\n<p><strong>&#8211; Plan de situation des locations dans Montchavin :<\/strong><\/p>\n<p style=\"padding-left: 30px;\"><a href=\"http:\/\/www.laplagnelocations.fr\/montchavin\/wp-content\/uploads\/2011\/08\/plan-situation-montchavin.jpg\"><img loading=\"lazy\" decoding=\"async\" class=\"alignnone size-medium wp-image-146\" style=\"border: 1px solid #a4612a;\" title=\"Plan de situation Montchavin\" src=\"http:\/\/www.laplagnelocations.fr\/montchavin\/wp-content\/uploads\/2011\/08\/plan-situation-montchavin-300x206.jpg\" alt=\"Plan de situation Montchavin\" width=\"300\" height=\"206\" srcset=\"https:\/\/www.laplagnelocations.fr\/montchavin\/wp-content\/uploads\/2011\/08\/plan-situation-montchavin-300x206.jpg 300w, https:\/\/www.laplagnelocations.fr\/montchavin\/wp-content\/uploads\/2011\/08\/plan-situation-montchavin.jpg 1000w\" sizes=\"(max-width: 300px) 85vw, 300px\" \/><\/a><\/p>\n","protected":false},"excerpt":{"rendered":"<p>&#8211; Par le train : A seulement 4h25 de Paris. Descendre en gare de Landry. &#8211; Par la route : Depuis Albertville, suivre Tarentaise. Apr\u00e8s Mo\u00fbtiers, suivre Bourg Saint Maurice puis apr\u00e8s Aime prendre direction Landry et enfin Montchavin. &#8211; Par avion : A seulement 2h des a\u00e9roports de Lyon, Grenoble et Gen\u00e8ve et 1 &hellip; <a href=\"https:\/\/www.laplagnelocations.fr\/montchavin\/acces\/\" class=\"more-link\">Continuer la lecture<span class=\"screen-reader-text\"> de &laquo;&nbsp;Acc\u00e8s&nbsp;&raquo;<\/span><\/a><\/p>\n","protected":false},"author":5,"featured_media":0,"parent":0,"menu_order":50,"comment_status":"closed","ping_status":"closed","template":"","meta":{"_acf_changed":false,"ngg_post_thumbnail":0,"footnotes":""},"class_list":["post-27","page","type-page","status-publish","hentry"],"acf":[],"_links":{"self":[{"href":"https:\/\/www.laplagnelocations.fr\/montchavin\/wp-json\/wp\/v2\/pages\/27"}],"collection":[{"href":"https:\/\/www.laplagnelocations.fr\/montchavin\/wp-json\/wp\/v2\/pages"}],"about":[{"href":"https:\/\/www.laplagnelocations.fr\/montchavin\/wp-json\/wp\/v2\/types\/page"}],"author":[{"embeddable":true,"href":"https:\/\/www.laplagnelocations.fr\/montchavin\/wp-json\/wp\/v2\/users\/5"}],"replies":[{"embeddable":true,"href":"https:\/\/www.laplagnelocations.fr\/montchavin\/wp-json\/wp\/v2\/comments?post=27"}],"version-history":[{"count":3,"href":"https:\/\/www.laplagnelocations.fr\/montchavin\/wp-json\/wp\/v2\/pages\/27\/revisions"}],"predecessor-version":[{"id":143,"href":"https:\/\/www.laplagnelocations.fr\/montchavin\/wp-json\/wp\/v2\/pages\/27\/revisions\/143"}],"wp:attachment":[{"href":"https:\/\/www.laplagnelocations.fr\/montchavin\/wp-json\/wp\/v2\/media?parent=27"}],"curies":[{"name":"wp","href":"https:\/\/api.w.org\/{rel}","templated":true}]}}