{"id":25,"date":"2011-08-03T12:30:47","date_gmt":"2011-08-03T12:30:47","guid":{"rendered":"http:\/\/www.laplagnelocations.fr\/montchavin\/?page_id=25"},"modified":"2023-10-02T10:09:23","modified_gmt":"2023-10-02T10:09:23","slug":"contact-reservation","status":"publish","type":"page","link":"https:\/\/www.laplagnelocations.fr\/montchavin\/contact-reservation\/","title":{"rendered":"Contact \/ R\u00e9servation"},"content":{"rendered":"\n<div class=\"wpcf7 no-js\" id=\"wpcf7-f226-o1\" lang=\"fr-FR\" dir=\"ltr\">\n<div class=\"screen-reader-response\"><p role=\"status\" aria-live=\"polite\" aria-atomic=\"true\"><\/p> <ul><\/ul><\/div>\n<form action=\"\/montchavin\/wp-json\/wp\/v2\/pages\/25#wpcf7-f226-o1\" method=\"post\" class=\"wpcf7-form init\" aria-label=\"Formulaire de contact\" novalidate=\"novalidate\" data-status=\"init\">\n<div style=\"display: none;\">\n<input type=\"hidden\" name=\"_wpcf7\" value=\"226\" \/>\n<input type=\"hidden\" name=\"_wpcf7_version\" value=\"5.9.8\" \/>\n<input type=\"hidden\" name=\"_wpcf7_locale\" value=\"fr_FR\" \/>\n<input type=\"hidden\" name=\"_wpcf7_unit_tag\" value=\"wpcf7-f226-o1\" \/>\n<input type=\"hidden\" name=\"_wpcf7_container_post\" value=\"0\" \/>\n<input type=\"hidden\" name=\"_wpcf7_posted_data_hash\" value=\"\" \/>\n<input type=\"hidden\" name=\"_wpcf7_recaptcha_response\" value=\"\" \/>\n<\/div>\n<p style=\"text-align:center;\"><br \/>\n<strong>Le Sabot de V\u00e9nus - Dominique & Doroth\u00e9 Broche<\/strong><br \/>\nPlace de l'Etoile - Montchavin La Plagne<br \/>\n73210 La Plagne Tarentaise\n<\/p>\n<p>Tel Fixe : 04 79 07 83 21<br \/>\nMobile Dominique : 06 15 38 11 63<br \/>\nMobile Doroth\u00e9 : 06 50 17 44 44\n<\/p>\n<h4>Vous\n<\/h4>\n<p><label><span class=\"obligatory\"><\/span> Votre nom<br \/>\n<span class=\"wpcf7-form-control-wrap\" data-name=\"nom\"><input size=\"40\" maxlength=\"400\" class=\"wpcf7-form-control wpcf7-text wpcf7-validates-as-required\" aria-required=\"true\" aria-invalid=\"false\" value=\"\" type=\"text\" name=\"nom\" \/><\/span><\/label><br \/>\n<label><span class=\"obligatory\"><\/span> Votre pr\u00e9nom<br \/>\n<span class=\"wpcf7-form-control-wrap\" data-name=\"prenom\"><input size=\"40\" maxlength=\"400\" class=\"wpcf7-form-control wpcf7-text wpcf7-validates-as-required\" aria-required=\"true\" aria-invalid=\"false\" value=\"\" type=\"text\" name=\"prenom\" \/><\/span><\/label><br \/>\n<label><span class=\"obligatory\"><\/span> Votre adresse e-mail<br \/>\n<span class=\"wpcf7-form-control-wrap\" data-name=\"mail\"><input size=\"40\" maxlength=\"400\" class=\"wpcf7-form-control wpcf7-email wpcf7-validates-as-required wpcf7-text wpcf7-validates-as-email\" aria-required=\"true\" aria-invalid=\"false\" value=\"\" type=\"email\" name=\"mail\" \/><\/span><\/label><br \/>\n<label><span class=\"obligatory\"><\/span> Votre num\u00e9ro de t\u00e9l\u00e9phone<br \/>\n<span class=\"wpcf7-form-control-wrap\" data-name=\"tel\"><input size=\"40\" maxlength=\"400\" class=\"wpcf7-form-control wpcf7-tel wpcf7-validates-as-required wpcf7-text wpcf7-validates-as-tel\" aria-required=\"true\" aria-invalid=\"false\" value=\"\" type=\"tel\" name=\"tel\" \/><\/span><\/label><br \/>\n<label><span class=\"obligatory\"><\/span> Votre adresse<br \/>\n<span class=\"wpcf7-form-control-wrap\" data-name=\"adresse\"><input size=\"40\" maxlength=\"400\" class=\"wpcf7-form-control wpcf7-text wpcf7-validates-as-required\" aria-required=\"true\" aria-invalid=\"false\" value=\"\" type=\"text\" name=\"adresse\" \/><\/span><\/label><br \/>\n<label><span class=\"obligatory\"><\/span> Votre code postal<br \/>\n<span class=\"wpcf7-form-control-wrap\" data-name=\"codepost\"><input size=\"40\" maxlength=\"400\" class=\"wpcf7-form-control wpcf7-text wpcf7-validates-as-required\" aria-required=\"true\" aria-invalid=\"false\" value=\"\" type=\"text\" name=\"codepost\" \/><\/span><\/label><br \/>\n<label><span class=\"obligatory\"><\/span> Votre ville<br \/>\n<span class=\"wpcf7-form-control-wrap\" data-name=\"ville\"><input size=\"40\" maxlength=\"400\" class=\"wpcf7-form-control wpcf7-text wpcf7-validates-as-required\" aria-required=\"true\" aria-invalid=\"false\" value=\"\" type=\"text\" name=\"ville\" \/><\/span><\/label>\n<\/p>\n<p><span class=\"obligatory\"><\/span> Votre demande<br \/>\n<span class=\"wpcf7-form-control-wrap\" data-name=\"demande\"><span class=\"wpcf7-form-control wpcf7-radio\"><span class=\"wpcf7-list-item first\"><label><input type=\"radio\" name=\"demande\" value=\"Demande d&#039;informations\" checked=\"checked\" \/><span class=\"wpcf7-list-item-label\">Demande d&#039;informations<\/span><\/label><\/span><span class=\"wpcf7-list-item last\"><label><input type=\"radio\" name=\"demande\" value=\"Demande de r\u00e9servation\" \/><span class=\"wpcf7-list-item-label\">Demande de r\u00e9servation<\/span><\/label><\/span><\/span><\/span>\n<\/p>\n<div class=\"if_reserv\">\n\t<h4>Votre r\u00e9servation\n\t<\/h4>\n\t<p><span class=\"obligatory\"><\/span> Date de r\u00e9servation souhait\u00e9e (ex : 15\/08\/2016)<br \/>\n<label>Du <span class=\"wpcf7-form-control-wrap\" data-name=\"debut\"><input size=\"40\" maxlength=\"400\" class=\"wpcf7-form-control wpcf7-text\" aria-invalid=\"false\" value=\"\" type=\"text\" name=\"debut\" \/><\/span><\/label><label>au <span class=\"wpcf7-form-control-wrap\" data-name=\"fin\"><input size=\"40\" maxlength=\"400\" class=\"wpcf7-form-control wpcf7-text\" aria-invalid=\"false\" value=\"\" type=\"text\" name=\"fin\" \/><\/span><\/label><br \/>\n<label><span class=\"obligatory\"><\/span> Nombre de personnes<br \/>\n<span class=\"wpcf7-form-control-wrap\" data-name=\"nb_pers\"><input class=\"wpcf7-form-control wpcf7-number wpcf7-validates-as-number\" min=\"1\" max=\"20\" aria-invalid=\"false\" value=\"\" type=\"number\" name=\"nb_pers\" \/><\/span><\/label><br \/>\n<label><span class=\"obligatory\"><\/span> Choix de l'appartement<br \/>\n<span class=\"wpcf7-form-control-wrap\" data-name=\"appart\"><select class=\"wpcf7-form-control wpcf7-select\" aria-invalid=\"false\" name=\"appart\"><option value=\"\">&#8212;Veuillez choisir une option&#8212;<\/option><option value=\"Le Mont Blanc\">Le Mont Blanc<\/option><option value=\"Le Mont Pourri\">Le Mont Pourri<\/option><option value=\"Le Pilier\">Le Pilier<\/option><option value=\"La Poudreuse A\">La Poudreuse A<\/option><option value=\"La Poudreuse B\">La Poudreuse B<\/option><option value=\"La Poudreuse 2\">La Poudreuse 2<\/option><\/select><\/span><\/label>\n\t<\/p>\n<\/div>\n<p><label>Message \/ Commentaires<br \/>\n<span class=\"wpcf7-form-control-wrap\" data-name=\"message\"><textarea cols=\"40\" rows=\"10\" maxlength=\"2000\" class=\"wpcf7-form-control wpcf7-textarea\" aria-invalid=\"false\" name=\"message\"><\/textarea><\/span><\/label>\n<\/p>\n<p><input class=\"wpcf7-form-control wpcf7-submit has-spinner\" type=\"submit\" value=\"Envoyer\" \/>\n<\/p>\n<p class=\"small_txt\"><span class=\"obligatory\"><\/span> Champ obligatoires.<br \/>\nConform\u00e9ment \u00e0 la loi Informatique et Libert\u00e9s du 6 janvier 1978, vous disposez d\u2019un droit d\u2019acc\u00e8s et de rectification aux donn\u00e9es personnelles vous concernant.<br \/>\nSeule notre soci\u00e9t\u00e9 est destinataire des informations que vous lui communiquez.\n<\/p><div class=\"wpcf7-response-output\" aria-hidden=\"true\"><\/div>\n<\/form>\n<\/div>\n\n","protected":false},"excerpt":{"rendered":"","protected":false},"author":5,"featured_media":0,"parent":0,"menu_order":40,"comment_status":"closed","ping_status":"closed","template":"","meta":{"_acf_changed":false,"ngg_post_thumbnail":0,"footnotes":""},"class_list":["post-25","page","type-page","status-publish","hentry"],"acf":[],"_links":{"self":[{"href":"https:\/\/www.laplagnelocations.fr\/montchavin\/wp-json\/wp\/v2\/pages\/25"}],"collection":[{"href":"https:\/\/www.laplagnelocations.fr\/montchavin\/wp-json\/wp\/v2\/pages"}],"about":[{"href":"https:\/\/www.laplagnelocations.fr\/montchavin\/wp-json\/wp\/v2\/types\/page"}],"author":[{"embeddable":true,"href":"https:\/\/www.laplagnelocations.fr\/montchavin\/wp-json\/wp\/v2\/users\/5"}],"replies":[{"embeddable":true,"href":"https:\/\/www.laplagnelocations.fr\/montchavin\/wp-json\/wp\/v2\/comments?post=25"}],"version-history":[{"count":5,"href":"https:\/\/www.laplagnelocations.fr\/montchavin\/wp-json\/wp\/v2\/pages\/25\/revisions"}],"predecessor-version":[{"id":631,"href":"https:\/\/www.laplagnelocations.fr\/montchavin\/wp-json\/wp\/v2\/pages\/25\/revisions\/631"}],"wp:attachment":[{"href":"https:\/\/www.laplagnelocations.fr\/montchavin\/wp-json\/wp\/v2\/media?parent=25"}],"curies":[{"name":"wp","href":"https:\/\/api.w.org\/{rel}","templated":true}]}}