{"id":13,"date":"2011-08-03T12:26:40","date_gmt":"2011-08-03T12:26:40","guid":{"rendered":"http:\/\/www.laplagnelocations.fr\/montchavin\/?page_id=13"},"modified":"2016-11-17T14:40:13","modified_gmt":"2016-11-17T14:40:13","slug":"hiver","status":"publish","type":"page","link":"https:\/\/www.laplagnelocations.fr\/montchavin\/activites\/hiver\/","title":{"rendered":"Activit\u00e9s hiver"},"content":{"rendered":"<p><strong>En hiver \u00e0 Montchavin<\/strong>, sortez des sentiers battus !<\/p>\n<p><a href=\"http:\/\/www.laplagnelocations.fr\/montchavin\/wp-content\/uploads\/2011\/08\/hiver-006.jpg\"><img loading=\"lazy\" decoding=\"async\" class=\"alignright size-medium wp-image-149\" title=\"Activit\u00e9s hiver \u00e0 Montchavin\" src=\"http:\/\/www.laplagnelocations.fr\/montchavin\/wp-content\/uploads\/2011\/08\/hiver-006-300x225.jpg\" alt=\"Activit\u00e9s hiver \u00e0 Montchavin, domaine skiable de La Plagne Paradiski\" width=\"300\" height=\"225\" srcset=\"https:\/\/www.laplagnelocations.fr\/montchavin\/wp-content\/uploads\/2011\/08\/hiver-006-300x225.jpg 300w, https:\/\/www.laplagnelocations.fr\/montchavin\/wp-content\/uploads\/2011\/08\/hiver-006.jpg 750w\" sizes=\"(max-width: 300px) 85vw, 300px\" \/><\/a>Confirmez votre niveau en d\u00e9valant les pistes du <strong>domaine skiable de La Plagne &#8211; Paradiski en Savoie<\/strong>, ou devenez skieur hors-piste, randonneurs \u00e0 ski.<br \/>\nPour les non skieurs, la montagne l&#8217;hiver offre bien d&#8217;autres possibilit\u00e9s : patinage, hockey sur glace, sorties en raquettes \u00e0 la demi-journ\u00e9e, journ\u00e9e ou sur plusieurs jours en toute s\u00e9curit\u00e9, un pur bonheur !<br \/>\nEclats de rire et souvenirs&#8230; sans compter le sentiment de libert\u00e9 inoubliable dans cet environnement grandiose, de toute beaut\u00e9, avis aux amateurs de vacances &#8220;multi-plaisirs&#8221;.<\/p>\n<p>Avec Beno\u00eet perdure aussi la tradition familiale Savoyarde : moniteur de ski, snowboard et t\u00e9l\u00e9mark diplom\u00e9 d&#8217;\u00e9tat. Avec lui, vous pourrez d\u00e9couvrir ou am\u00e9liorer votre niveau dans toutes les disciplines de la glisse : comp\u00e9tition ou grand ski, convivialit\u00e9 et professionnalisme assur\u00e9s.<br \/>\nSkiez aussi avec Doroth\u00e9e, monitrice dipl\u00f4m\u00e9e.<br \/>\nJean Michel qui est guide de haute montagne offre ses services pour : le ski hors piste, le ski de randonn\u00e9e, du skieur moyen au tr\u00e8s bon skieurs.<\/p>\n","protected":false},"excerpt":{"rendered":"<p>En hiver \u00e0 Montchavin, sortez des sentiers battus ! Confirmez votre niveau en d\u00e9valant les pistes du domaine skiable de La Plagne &#8211; Paradiski en Savoie, ou devenez skieur hors-piste, randonneurs \u00e0 ski. Pour les non skieurs, la montagne l&#8217;hiver offre bien d&#8217;autres possibilit\u00e9s : patinage, hockey sur glace, sorties en raquettes \u00e0 la demi-journ\u00e9e, &hellip; <a href=\"https:\/\/www.laplagnelocations.fr\/montchavin\/activites\/hiver\/\" class=\"more-link\">Continuer la lecture<span class=\"screen-reader-text\"> de &laquo;&nbsp;Activit\u00e9s hiver&nbsp;&raquo;<\/span><\/a><\/p>\n","protected":false},"author":5,"featured_media":0,"parent":11,"menu_order":10,"comment_status":"closed","ping_status":"closed","template":"","meta":{"_acf_changed":false,"ngg_post_thumbnail":0,"footnotes":""},"class_list":["post-13","page","type-page","status-publish","hentry"],"acf":[],"_links":{"self":[{"href":"https:\/\/www.laplagnelocations.fr\/montchavin\/wp-json\/wp\/v2\/pages\/13"}],"collection":[{"href":"https:\/\/www.laplagnelocations.fr\/montchavin\/wp-json\/wp\/v2\/pages"}],"about":[{"href":"https:\/\/www.laplagnelocations.fr\/montchavin\/wp-json\/wp\/v2\/types\/page"}],"author":[{"embeddable":true,"href":"https:\/\/www.laplagnelocations.fr\/montchavin\/wp-json\/wp\/v2\/users\/5"}],"replies":[{"embeddable":true,"href":"https:\/\/www.laplagnelocations.fr\/montchavin\/wp-json\/wp\/v2\/comments?post=13"}],"version-history":[{"count":8,"href":"https:\/\/www.laplagnelocations.fr\/montchavin\/wp-json\/wp\/v2\/pages\/13\/revisions"}],"predecessor-version":[{"id":293,"href":"https:\/\/www.laplagnelocations.fr\/montchavin\/wp-json\/wp\/v2\/pages\/13\/revisions\/293"}],"up":[{"embeddable":true,"href":"https:\/\/www.laplagnelocations.fr\/montchavin\/wp-json\/wp\/v2\/pages\/11"}],"wp:attachment":[{"href":"https:\/\/www.laplagnelocations.fr\/montchavin\/wp-json\/wp\/v2\/media?parent=13"}],"curies":[{"name":"wp","href":"https:\/\/api.w.org\/{rel}","templated":true}]}}