{"id":104,"date":"2011-08-04T16:43:48","date_gmt":"2011-08-04T16:43:48","guid":{"rendered":"http:\/\/www.laplagnelocations.fr\/montchavin\/?page_id=104"},"modified":"2013-09-17T08:17:23","modified_gmt":"2013-09-17T08:17:23","slug":"informations-pratiques","status":"publish","type":"page","link":"https:\/\/www.laplagnelocations.fr\/montchavin\/les-appartements\/informations-pratiques\/","title":{"rendered":"Informations pratiques"},"content":{"rendered":"<p><strong>Tous nos appartements en location se situent \u00e0 Montchavin (domaine de La Plagne &#8211; Paradiski)<\/strong><br \/>\n\u00e0 150 m des commerces, 100 m de l&#8217;\u00e9cole de ski, de la garderie et du t\u00e9l\u00e9si\u00e8ge.<br \/>\n<strong>R\u00e9servation souhait\u00e9e en p\u00e9riode de vacances scolaire.<\/strong><\/p>\n<p>&#8211; <strong>Remise des cl\u00e9s<\/strong> :<\/p>\n<p style=\"padding-left: 30px;\">Les cl\u00e9s sont \u00e0 r\u00e9cup\u00e9rer au magasin Intersport situ\u00e9 au pied des pistes.<br \/>\nLe magasin est ouvert tous les jours de 8h30 \u00e0 20h00 (non stop les week-ends).<\/p>\n<p>&#8211; <strong>Linge<\/strong> :<\/p>\n<p style=\"padding-left: 30px;\">Location de draps et de serviettes de bain chez Intersport (Tel : 04 79 07 83 21)<br \/>\nLiterie : 1 couette 220&#215;200 &#8211; 4 couettes 150&#215;200 &#8211; 6 oreillers 65&#215;65<\/p>\n<p>&#8211; <strong>Divers<\/strong> :<\/p>\n<p style=\"padding-left: 30px;\">-20% sur location de mat\u00e9riel chez Intersport (Pied des pistes)<br \/>\nEcole de Ski : 04 79 07 83 54<br \/>\nOffice du tourisme : 04 79 07 82 82<br \/>\nM\u00e9decin : Val\u00e9rie Foucault 04 79 07 83 59<\/p>\n","protected":false},"excerpt":{"rendered":"<p>Tous nos appartements en location se situent \u00e0 Montchavin (domaine de La Plagne &#8211; Paradiski) \u00e0 150 m des commerces, 100 m de l&#8217;\u00e9cole de ski, de la garderie et du t\u00e9l\u00e9si\u00e8ge. R\u00e9servation souhait\u00e9e en p\u00e9riode de vacances scolaire. &#8211; Remise des cl\u00e9s : Les cl\u00e9s sont \u00e0 r\u00e9cup\u00e9rer au magasin Intersport situ\u00e9 au pied &hellip; <a href=\"https:\/\/www.laplagnelocations.fr\/montchavin\/les-appartements\/informations-pratiques\/\" class=\"more-link\">Continuer la lecture<span class=\"screen-reader-text\"> de &laquo;&nbsp;Informations pratiques&nbsp;&raquo;<\/span><\/a><\/p>\n","protected":false},"author":5,"featured_media":0,"parent":5,"menu_order":110,"comment_status":"closed","ping_status":"closed","template":"","meta":{"_acf_changed":false,"ngg_post_thumbnail":0,"footnotes":""},"class_list":["post-104","page","type-page","status-publish","hentry"],"acf":[],"_links":{"self":[{"href":"https:\/\/www.laplagnelocations.fr\/montchavin\/wp-json\/wp\/v2\/pages\/104"}],"collection":[{"href":"https:\/\/www.laplagnelocations.fr\/montchavin\/wp-json\/wp\/v2\/pages"}],"about":[{"href":"https:\/\/www.laplagnelocations.fr\/montchavin\/wp-json\/wp\/v2\/types\/page"}],"author":[{"embeddable":true,"href":"https:\/\/www.laplagnelocations.fr\/montchavin\/wp-json\/wp\/v2\/users\/5"}],"replies":[{"embeddable":true,"href":"https:\/\/www.laplagnelocations.fr\/montchavin\/wp-json\/wp\/v2\/comments?post=104"}],"version-history":[{"count":4,"href":"https:\/\/www.laplagnelocations.fr\/montchavin\/wp-json\/wp\/v2\/pages\/104\/revisions"}],"predecessor-version":[{"id":211,"href":"https:\/\/www.laplagnelocations.fr\/montchavin\/wp-json\/wp\/v2\/pages\/104\/revisions\/211"}],"up":[{"embeddable":true,"href":"https:\/\/www.laplagnelocations.fr\/montchavin\/wp-json\/wp\/v2\/pages\/5"}],"wp:attachment":[{"href":"https:\/\/www.laplagnelocations.fr\/montchavin\/wp-json\/wp\/v2\/media?parent=104"}],"curies":[{"name":"wp","href":"https:\/\/api.w.org\/{rel}","templated":true}]}}